{"id":13,"date":"2025-12-05T11:16:57","date_gmt":"2025-12-05T11:16:57","guid":{"rendered":"http:\/\/chalet-naiska.fr\/?page_id=13"},"modified":"2025-12-09T13:56:15","modified_gmt":"2025-12-09T13:56:15","slug":"accueil","status":"publish","type":"page","link":"https:\/\/chalet-naiska.fr\/","title":{"rendered":"Accueil"},"content":{"rendered":"\t\t<div data-elementor-type=\"wp-page\" data-elementor-id=\"13\" class=\"elementor elementor-13\">\n\t\t\t\t<div class=\"elementor-element elementor-element-46fe4b3 e-flex e-con-boxed e-con e-parent\" data-id=\"46fe4b3\" data-element_type=\"container\" data-settings=\"{&quot;background_background&quot;:&quot;classic&quot;}\">\n\t\t\t\t\t<div class=\"e-con-inner\">\n\t\t<section class=\"elementor-element elementor-element-8168986 e-con-full e-flex e-con e-child\" data-id=\"8168986\" data-element_type=\"container\" data-settings=\"{&quot;background_background&quot;:&quot;classic&quot;}\">\n\t\t\t\t<div class=\"elementor-element elementor-element-9623dab elementor-widget elementor-widget-image\" data-id=\"9623dab\" data-element_type=\"widget\" data-widget_type=\"image.default\">\n\t\t\t\t\t\t\t\t\t\t\t\t\t\t\t<img fetchpriority=\"high\" decoding=\"async\" width=\"500\" height=\"500\" src=\"https:\/\/chalet-naiska.fr\/wp-content\/uploads\/2025\/12\/naiska-logo-removebg-preview.png\" class=\"attachment-large size-large wp-image-18\" alt=\"\" srcset=\"https:\/\/chalet-naiska.fr\/wp-content\/uploads\/2025\/12\/naiska-logo-removebg-preview.png 500w, https:\/\/chalet-naiska.fr\/wp-content\/uploads\/2025\/12\/naiska-logo-removebg-preview-300x300.png 300w, https:\/\/chalet-naiska.fr\/wp-content\/uploads\/2025\/12\/naiska-logo-removebg-preview-150x150.png 150w\" sizes=\"(max-width: 500px) 100vw, 500px\" \/>\t\t\t\t\t\t\t\t\t\t\t\t\t\t\t<\/div>\n\t\t\t\t<div class=\"elementor-element elementor-element-0cc6fce elementor-widget elementor-widget-text-editor\" data-id=\"0cc6fce\" data-element_type=\"widget\" data-widget_type=\"text-editor.default\">\n\t\t\t\t\t\t\t\t\t<p class=\"md-end-block md-p md-focus\"><strong><span class=\"md-plain md-expand\">Ouvert 7j\/7<\/span><\/strong><\/p><p class=\"md-end-block md-p\"><strong><span class=\"md-plain\">De 9h \u00e0 17h<\/span><\/strong><\/p>\t\t\t\t\t\t\t\t<\/div>\n\t\t\t\t<div class=\"elementor-element elementor-element-ebd9a20 elementor-widget elementor-widget-text-editor\" data-id=\"ebd9a20\" data-element_type=\"widget\" data-widget_type=\"text-editor.default\">\n\t\t\t\t\t\t\t\t\t<p>D\u00e9couvrez notre chalet perch\u00e9 \u00e0 2\u00a0000m d&rsquo;altitude !<\/p>\t\t\t\t\t\t\t\t<\/div>\n\t\t\t\t<div class=\"elementor-element elementor-element-62e31fe elementor-align-center elementor-widget elementor-widget-button\" data-id=\"62e31fe\" data-element_type=\"widget\" data-widget_type=\"button.default\">\n\t\t\t\t\t\t\t\t\t\t<a class=\"elementor-button elementor-button-link elementor-size-sm\" href=\"https:\/\/chalet-naiska.fr\/wp-content\/uploads\/2025\/12\/MENU-Naiska.pdf\" target=\"_blank\">\n\t\t\t\t\t\t<span class=\"elementor-button-content-wrapper\">\n\t\t\t\t\t\t<span class=\"elementor-button-icon\">\n\t\t\t\t<svg xmlns=\"http:\/\/www.w3.org\/2000\/svg\" width=\"800px\" height=\"800px\" viewBox=\"0 0 24 24\" fill=\"none\"><path d=\"M16 6.00008V4.2844C16 3.51587 16 3.13161 15.8387 2.88321C15.6976 2.66587 15.4776 2.5118 15.2252 2.45345C14.9366 2.38677 14.5755 2.51809 13.8532 2.78073L6.57982 5.4256C6.01064 5.63257 5.72605 5.73606 5.51615 5.91845C5.33073 6.07956 5.18772 6.28374 5.09968 6.51304C5 6.77264 5 7.07546 5 7.6811V12.0001M9 17.0001H15M9 13.5001H15M9 10.0001H15M8.2 21.0001H15.8C16.9201 21.0001 17.4802 21.0001 17.908 20.7821C18.2843 20.5903 18.5903 20.2844 18.782 19.9081C19 19.4802 19 18.9202 19 17.8001V9.20008C19 8.07997 19 7.51992 18.782 7.0921C18.5903 6.71577 18.2843 6.40981 17.908 6.21807C17.4802 6.00008 16.9201 6.00008 15.8 6.00008H8.2C7.0799 6.00008 6.51984 6.00008 6.09202 6.21807C5.71569 6.40981 5.40973 6.71577 5.21799 7.0921C5 7.51992 5 8.07997 5 9.20008V17.8001C5 18.9202 5 19.4802 5.21799 19.9081C5.40973 20.2844 5.71569 20.5903 6.09202 20.7821C6.51984 21.0001 7.07989 21.0001 8.2 21.0001Z\" stroke=\"#000000\" stroke-width=\"2\" stroke-linecap=\"round\" stroke-linejoin=\"round\"><\/path><\/svg>\t\t\t<\/span>\n\t\t\t\t\t\t\t\t\t<span class=\"elementor-button-text\">Voir le menu<\/span>\n\t\t\t\t\t<\/span>\n\t\t\t\t\t<\/a>\n\t\t\t\t\t\t\t\t<\/div>\n\t\t\t\t<\/section>\n\t\t\t\t\t<\/div>\n\t\t\t\t<\/div>\n\t\t<div class=\"elementor-element elementor-element-570b7ed e-flex e-con-boxed e-con e-parent\" data-id=\"570b7ed\" data-element_type=\"container\" data-settings=\"{&quot;background_background&quot;:&quot;classic&quot;}\">\n\t\t\t\t\t<div class=\"e-con-inner\">\n\t\t\t\t<div class=\"elementor-element elementor-element-4efecbe elementor-widget elementor-widget-image\" data-id=\"4efecbe\" data-element_type=\"widget\" data-widget_type=\"image.default\">\n\t\t\t\t\t\t\t\t\t\t\t\t\t\t\t<img decoding=\"async\" width=\"1024\" height=\"934\" src=\"https:\/\/chalet-naiska.fr\/wp-content\/uploads\/2025\/12\/Naiska-collage-1-1024x934.png\" class=\"attachment-large size-large wp-image-100\" alt=\"\" srcset=\"https:\/\/chalet-naiska.fr\/wp-content\/uploads\/2025\/12\/Naiska-collage-1-1024x934.png 1024w, https:\/\/chalet-naiska.fr\/wp-content\/uploads\/2025\/12\/Naiska-collage-1-300x274.png 300w, https:\/\/chalet-naiska.fr\/wp-content\/uploads\/2025\/12\/Naiska-collage-1-768x700.png 768w, https:\/\/chalet-naiska.fr\/wp-content\/uploads\/2025\/12\/Naiska-collage-1.png 1080w\" sizes=\"(max-width: 1024px) 100vw, 1024px\" \/>\t\t\t\t\t\t\t\t\t\t\t\t\t\t\t<\/div>\n\t\t<div class=\"elementor-element elementor-element-41d90d0 e-con-full e-flex e-con e-child\" data-id=\"41d90d0\" data-element_type=\"container\">\n\t\t\t\t<div class=\"elementor-element elementor-element-7444b5c elementor-widget elementor-widget-heading\" data-id=\"7444b5c\" data-element_type=\"widget\" data-widget_type=\"heading.default\">\n\t\t\t\t\t<h2 class=\"elementor-heading-title elementor-size-default\">Notre \u00e9quipe vous attend au chalet&nbsp;!<\/h2>\t\t\t\t<\/div>\n\t\t\t\t<div class=\"elementor-element elementor-element-318bdfa elementor-widget elementor-widget-text-editor\" data-id=\"318bdfa\" data-element_type=\"widget\" data-widget_type=\"text-editor.default\">\n\t\t\t\t\t\t\t\t\t<p class=\"md-end-block md-p md-focus\"><span class=\"md-plain md-expand\">Venez profiter d\u2019une <\/span><span class=\"md-pair-s\"><strong><span class=\"md-plain\">restauration avec service \u00e0 table<\/span><\/strong><\/span><span class=\"md-plain\">.<\/span><\/p><p class=\"md-end-block md-p md-focus\"><span class=\"md-plain\">L\u2019hiver, nous vous proposons \u00e9galement la <\/span><span class=\"md-pair-s\"><strong><span class=\"md-plain\">privatisation du chalet en soir\u00e9e<\/span><\/strong><\/span><span class=\"md-plain\">, id\u00e9ale pour vivre un moment unique apr\u00e8s la fermeture des pistes.*<\/span><\/p><p class=\"md-end-block md-p md-focus\"><span class=\"md-plain\"> L\u2019\u00e9t\u00e9, le lieu se transforme pour accueillir vos <\/span><span class=\"md-pair-s \"><strong><span class=\"md-plain\">\u00e9v\u00e9nements priv\u00e9s<\/span><\/strong><\/span><span class=\"md-plain\"> : anniversaires, repas de groupe, soir\u00e9es d\u2019entreprise\u2026<\/span><\/p>\t\t\t\t\t\t\t\t<\/div>\n\t\t\t\t<div class=\"elementor-element elementor-element-5243b20 elementor-align-center elementor-widget elementor-widget-button\" data-id=\"5243b20\" data-element_type=\"widget\" data-widget_type=\"button.default\">\n\t\t\t\t\t\t\t\t\t\t<a class=\"elementor-button elementor-button-link elementor-size-sm\" href=\"https:\/\/chalet-naiska.fr\/wp-content\/uploads\/2025\/12\/MENU-Naiska.pdf\" target=\"_blank\">\n\t\t\t\t\t\t<span class=\"elementor-button-content-wrapper\">\n\t\t\t\t\t\t<span class=\"elementor-button-icon\">\n\t\t\t\t<svg xmlns=\"http:\/\/www.w3.org\/2000\/svg\" width=\"800px\" height=\"800px\" viewBox=\"0 0 24 24\" fill=\"none\"><path d=\"M16 6.00008V4.2844C16 3.51587 16 3.13161 15.8387 2.88321C15.6976 2.66587 15.4776 2.5118 15.2252 2.45345C14.9366 2.38677 14.5755 2.51809 13.8532 2.78073L6.57982 5.4256C6.01064 5.63257 5.72605 5.73606 5.51615 5.91845C5.33073 6.07956 5.18772 6.28374 5.09968 6.51304C5 6.77264 5 7.07546 5 7.6811V12.0001M9 17.0001H15M9 13.5001H15M9 10.0001H15M8.2 21.0001H15.8C16.9201 21.0001 17.4802 21.0001 17.908 20.7821C18.2843 20.5903 18.5903 20.2844 18.782 19.9081C19 19.4802 19 18.9202 19 17.8001V9.20008C19 8.07997 19 7.51992 18.782 7.0921C18.5903 6.71577 18.2843 6.40981 17.908 6.21807C17.4802 6.00008 16.9201 6.00008 15.8 6.00008H8.2C7.0799 6.00008 6.51984 6.00008 6.09202 6.21807C5.71569 6.40981 5.40973 6.71577 5.21799 7.0921C5 7.51992 5 8.07997 5 9.20008V17.8001C5 18.9202 5 19.4802 5.21799 19.9081C5.40973 20.2844 5.71569 20.5903 6.09202 20.7821C6.51984 21.0001 7.07989 21.0001 8.2 21.0001Z\" stroke=\"#000000\" stroke-width=\"2\" stroke-linecap=\"round\" stroke-linejoin=\"round\"><\/path><\/svg>\t\t\t<\/span>\n\t\t\t\t\t\t\t\t\t<span class=\"elementor-button-text\">D\u00e9couvrir le menu<\/span>\n\t\t\t\t\t<\/span>\n\t\t\t\t\t<\/a>\n\t\t\t\t\t\t\t\t<\/div>\n\t\t\t\t<div class=\"elementor-element elementor-element-4310839 elementor-widget elementor-widget-text-editor\" data-id=\"4310839\" data-element_type=\"widget\" data-widget_type=\"text-editor.default\">\n\t\t\t\t\t\t\t\t\t<p class=\"md-end-block md-p md-focus\"><strong>* <\/strong>Accompagnement par un guide agr\u00e9\u00e9 pour la descente en raquettes.<\/p>\t\t\t\t\t\t\t\t<\/div>\n\t\t\t\t<\/div>\n\t\t\t\t\t<\/div>\n\t\t\t\t<\/div>\n\t\t<div class=\"elementor-element elementor-element-0042e54 elementor-hidden-desktop elementor-hidden-tablet elementor-hidden-mobile e-flex e-con-boxed e-con e-parent\" data-id=\"0042e54\" data-element_type=\"container\" data-settings=\"{&quot;background_background&quot;:&quot;classic&quot;,&quot;shape_divider_top&quot;:&quot;mountains&quot;}\">\n\t\t\t\t\t<div class=\"e-con-inner\">\n\t\t\t\t<div class=\"elementor-shape elementor-shape-top\" aria-hidden=\"true\" data-negative=\"false\">\n\t\t\t<svg xmlns=\"http:\/\/www.w3.org\/2000\/svg\" viewBox=\"0 0 1000 100\" preserveAspectRatio=\"none\">\n\t<path class=\"elementor-shape-fill\" opacity=\"0.33\" d=\"M473,67.3c-203.9,88.3-263.1-34-320.3,0C66,119.1,0,59.7,0,59.7V0h1000v59.7 c0,0-62.1,26.1-94.9,29.3c-32.8,3.3-62.8-12.3-75.8-22.1C806,49.6,745.3,8.7,694.9,4.7S492.4,59,473,67.3z\"\/>\n\t<path class=\"elementor-shape-fill\" opacity=\"0.66\" d=\"M734,67.3c-45.5,0-77.2-23.2-129.1-39.1c-28.6-8.7-150.3-10.1-254,39.1 s-91.7-34.4-149.2,0C115.7,118.3,0,39.8,0,39.8V0h1000v36.5c0,0-28.2-18.5-92.1-18.5C810.2,18.1,775.7,67.3,734,67.3z\"\/>\n\t<path class=\"elementor-shape-fill\" d=\"M766.1,28.9c-200-57.5-266,65.5-395.1,19.5C242,1.8,242,5.4,184.8,20.6C128,35.8,132.3,44.9,89.9,52.5C28.6,63.7,0,0,0,0 h1000c0,0-9.9,40.9-83.6,48.1S829.6,47,766.1,28.9z\"\/>\n<\/svg>\t\t<\/div>\n\t\t\t\t<div class=\"elementor-element elementor-element-14ce984 elementor-widget elementor-widget-heading\" data-id=\"14ce984\" data-element_type=\"widget\" data-widget_type=\"heading.default\">\n\t\t\t\t\t<h2 class=\"elementor-heading-title elementor-size-default\">Suivez notre actualit\u00e9<\/h2>\t\t\t\t<\/div>\n\t\t\t\t<div class=\"elementor-element elementor-element-f80ad01 elementor-widget elementor-widget-text-editor\" data-id=\"f80ad01\" data-element_type=\"widget\" data-widget_type=\"text-editor.default\">\n\t\t\t\t\t\t\t\t\tPour ne rien manquer de la vie du <strong data-start=\"93\" data-end=\"110\">Chalet Na\u00efska<\/strong>, suivez-nous sur nos r\u00e9seaux sociaux&nbsp;!\t\t\t\t\t\t\t\t<\/div>\n\t\t\t\t<div class=\"elementor-element elementor-element-135f23f elementor-shape-circle elementor-grid-0 e-grid-align-center elementor-widget elementor-widget-social-icons\" data-id=\"135f23f\" data-element_type=\"widget\" data-widget_type=\"social-icons.default\">\n\t\t\t\t\t\t\t<div class=\"elementor-social-icons-wrapper elementor-grid\" role=\"list\">\n\t\t\t\t\t\t\t<span class=\"elementor-grid-item\" role=\"listitem\">\n\t\t\t\t\t<a class=\"elementor-icon elementor-social-icon elementor-social-icon-facebook elementor-repeater-item-c92a5f4\" target=\"_blank\">\n\t\t\t\t\t\t<span class=\"elementor-screen-only\">Facebook<\/span>\n\t\t\t\t\t\t<svg aria-hidden=\"true\" class=\"e-font-icon-svg e-fab-facebook\" viewBox=\"0 0 512 512\" xmlns=\"http:\/\/www.w3.org\/2000\/svg\"><path d=\"M504 256C504 119 393 8 256 8S8 119 8 256c0 123.78 90.69 226.38 209.25 245V327.69h-63V256h63v-54.64c0-62.15 37-96.48 93.67-96.48 27.14 0 55.52 4.84 55.52 4.84v61h-31.28c-30.8 0-40.41 19.12-40.41 38.73V256h68.78l-11 71.69h-57.78V501C413.31 482.38 504 379.78 504 256z\"><\/path><\/svg>\t\t\t\t\t<\/a>\n\t\t\t\t<\/span>\n\t\t\t\t\t\t\t<span class=\"elementor-grid-item\" role=\"listitem\">\n\t\t\t\t\t<a class=\"elementor-icon elementor-social-icon elementor-social-icon-instagram elementor-repeater-item-67d18ef\" target=\"_blank\">\n\t\t\t\t\t\t<span class=\"elementor-screen-only\">Instagram<\/span>\n\t\t\t\t\t\t<svg aria-hidden=\"true\" class=\"e-font-icon-svg e-fab-instagram\" viewBox=\"0 0 448 512\" xmlns=\"http:\/\/www.w3.org\/2000\/svg\"><path d=\"M224.1 141c-63.6 0-114.9 51.3-114.9 114.9s51.3 114.9 114.9 114.9S339 319.5 339 255.9 287.7 141 224.1 141zm0 189.6c-41.1 0-74.7-33.5-74.7-74.7s33.5-74.7 74.7-74.7 74.7 33.5 74.7 74.7-33.6 74.7-74.7 74.7zm146.4-194.3c0 14.9-12 26.8-26.8 26.8-14.9 0-26.8-12-26.8-26.8s12-26.8 26.8-26.8 26.8 12 26.8 26.8zm76.1 27.2c-1.7-35.9-9.9-67.7-36.2-93.9-26.2-26.2-58-34.4-93.9-36.2-37-2.1-147.9-2.1-184.9 0-35.8 1.7-67.6 9.9-93.9 36.1s-34.4 58-36.2 93.9c-2.1 37-2.1 147.9 0 184.9 1.7 35.9 9.9 67.7 36.2 93.9s58 34.4 93.9 36.2c37 2.1 147.9 2.1 184.9 0 35.9-1.7 67.7-9.9 93.9-36.2 26.2-26.2 34.4-58 36.2-93.9 2.1-37 2.1-147.8 0-184.8zM398.8 388c-7.8 19.6-22.9 34.7-42.6 42.6-29.5 11.7-99.5 9-132.1 9s-102.7 2.6-132.1-9c-19.6-7.8-34.7-22.9-42.6-42.6-11.7-29.5-9-99.5-9-132.1s-2.6-102.7 9-132.1c7.8-19.6 22.9-34.7 42.6-42.6 29.5-11.7 99.5-9 132.1-9s102.7-2.6 132.1 9c19.6 7.8 34.7 22.9 42.6 42.6 11.7 29.5 9 99.5 9 132.1s2.7 102.7-9 132.1z\"><\/path><\/svg>\t\t\t\t\t<\/a>\n\t\t\t\t<\/span>\n\t\t\t\t\t<\/div>\n\t\t\t\t\t\t<\/div>\n\t\t\t\t\t<\/div>\n\t\t\t\t<\/div>\n\t\t\t\t<\/div>\n\t\t","protected":false},"excerpt":{"rendered":"<p>Ouvert 7j\/7 De 9h \u00e0 17h D\u00e9couvrez notre chalet perch\u00e9 \u00e0 2\u00a0000m d&rsquo;altitude ! Voir le menu Notre \u00e9quipe vous attend au chalet&nbsp;! Venez profiter d\u2019une restauration avec service \u00e0 table. L\u2019hiver, nous vous proposons \u00e9galement la privatisation du chalet en soir\u00e9e, id\u00e9ale pour vivre un moment unique apr\u00e8s la fermeture des pistes.* L\u2019\u00e9t\u00e9, le&#8230;<\/p>\n","protected":false},"author":1,"featured_media":0,"parent":0,"menu_order":0,"comment_status":"closed","ping_status":"closed","template":"","meta":{"_kad_post_transparent":"","_kad_post_title":"hide","_kad_post_layout":"fullwidth","_kad_post_sidebar_id":"","_kad_post_content_style":"unboxed","_kad_post_vertical_padding":"hide","_kad_post_feature":"hide","_kad_post_feature_position":"","_kad_post_header":true,"_kad_post_footer":false,"_kad_post_classname":"","footnotes":""},"class_list":["post-13","page","type-page","status-publish","hentry"],"_links":{"self":[{"href":"https:\/\/chalet-naiska.fr\/index.php\/wp-json\/wp\/v2\/pages\/13","targetHints":{"allow":["GET"]}}],"collection":[{"href":"https:\/\/chalet-naiska.fr\/index.php\/wp-json\/wp\/v2\/pages"}],"about":[{"href":"https:\/\/chalet-naiska.fr\/index.php\/wp-json\/wp\/v2\/types\/page"}],"author":[{"embeddable":true,"href":"https:\/\/chalet-naiska.fr\/index.php\/wp-json\/wp\/v2\/users\/1"}],"replies":[{"embeddable":true,"href":"https:\/\/chalet-naiska.fr\/index.php\/wp-json\/wp\/v2\/comments?post=13"}],"version-history":[{"count":74,"href":"https:\/\/chalet-naiska.fr\/index.php\/wp-json\/wp\/v2\/pages\/13\/revisions"}],"predecessor-version":[{"id":144,"href":"https:\/\/chalet-naiska.fr\/index.php\/wp-json\/wp\/v2\/pages\/13\/revisions\/144"}],"wp:attachment":[{"href":"https:\/\/chalet-naiska.fr\/index.php\/wp-json\/wp\/v2\/media?parent=13"}],"curies":[{"name":"wp","href":"https:\/\/api.w.org\/{rel}","templated":true}]}}